{"id":7195,"date":"2023-12-21T08:45:36","date_gmt":"2023-12-21T01:45:36","guid":{"rendered":"https:\/\/arsofa.ro\/?page_id=7195"},"modified":"2025-09-08T19:47:06","modified_gmt":"2025-09-08T16:47:06","slug":"about","status":"publish","type":"page","link":"https:\/\/arsofa.ro\/index.php\/about\/","title":{"rendered":"Despre Noi"},"content":{"rendered":"<h2>Afla mai multe despre noi<\/h2>\n<p>Arsofa a fost \u00eenfiin\u021bat\u0103 cu convingerea c\u0103 oamenii ar trebui s\u0103 aib\u0103 voie s\u0103 fie \u00eendr\u0103zne\u021bi \u0219i creativi cu mobilierul lor pentru cas\u0103, \u00een loc s\u0103 se mul\u021bumeasc\u0103 cu mai pu\u021bin. Mobilierul nostru atent selectat este creat pentru a satisface nevoile \u0219i preferin\u021bele individuale ale clien\u021bilor no\u0219tri, oferind un articol premium care va fi apreciat mul\u021bi ani de acum \u00eenainte.<\/p>\n<p><img decoding=\"async\" class=\"size-medium wp-image-10565\" src=\"https:\/\/arsofa.ro\/wp-content\/uploads\/2025\/09\/vecteezy_modern-yellow-leather-sofa-with-pillows-isolated_27610022-300x155.jpg\" alt=\"\" width=\"300\" height=\"155\" srcset=\"https:\/\/arsofa.ro\/wp-content\/uploads\/2025\/09\/vecteezy_modern-yellow-leather-sofa-with-pillows-isolated_27610022-300x155.jpg 300w, https:\/\/arsofa.ro\/wp-content\/uploads\/2025\/09\/vecteezy_modern-yellow-leather-sofa-with-pillows-isolated_27610022-1024x528.jpg 1024w, https:\/\/arsofa.ro\/wp-content\/uploads\/2025\/09\/vecteezy_modern-yellow-leather-sofa-with-pillows-isolated_27610022-768x396.jpg 768w, https:\/\/arsofa.ro\/wp-content\/uploads\/2025\/09\/vecteezy_modern-yellow-leather-sofa-with-pillows-isolated_27610022-1536x792.jpg 1536w, https:\/\/arsofa.ro\/wp-content\/uploads\/2025\/09\/vecteezy_modern-yellow-leather-sofa-with-pillows-isolated_27610022-2048x1056.jpg 2048w, https:\/\/arsofa.ro\/wp-content\/uploads\/2025\/09\/vecteezy_modern-yellow-leather-sofa-with-pillows-isolated_27610022-1320x681.jpg 1320w, https:\/\/arsofa.ro\/wp-content\/uploads\/2025\/09\/vecteezy_modern-yellow-leather-sofa-with-pillows-isolated_27610022-600x309.jpg 600w, https:\/\/arsofa.ro\/wp-content\/uploads\/2025\/09\/vecteezy_modern-yellow-leather-sofa-with-pillows-isolated_27610022-1300x671.jpg 1300w\" sizes=\"(max-width: 300px) 100vw, 300px\" \/><\/p>\n<p>Suntem deosebit de m\u00e2ndri de canapelele, fotoliile modulare \u0219i extensiile noastre. \u0218tim c\u00e2t de valoroas\u0103 poate fi personalizarea mobilierului care se potrive\u0219te cel mai bine casei \u0219i viziunii tale de design. Pur \u0219i simplu alege configura\u021bia dorit\u0103 \u0219i selecteaz\u0103 dintr-o gam\u0103 colorat\u0103 de materiale rezistente \u0219i finisaje versatile.<\/p>\n<h2>Calitate mai presus de cantitate<\/h2>\n<p>Calitate mai presus de cantitate<br \/>Fiecare pies\u0103 porne\u0219te de la o materie prim\u0103 \u0219i este apoi transformat\u0103 de me\u0219teri talenta\u021bi exact conform specifica\u021biilor dorite.<\/p>\n<p data-wp-editing=\"1\"><img fetchpriority=\"high\" decoding=\"async\" class=\"alignnone wp-image-10563 size-medium\" src=\"https:\/\/arsofa.ro\/wp-content\/uploads\/2025\/09\/vecteezy_cozy-modern-living-room-featuring-a-stylish-curved-sofa-and_54419964-300x168.jpeg\" alt=\"\" width=\"300\" height=\"168\" srcset=\"https:\/\/arsofa.ro\/wp-content\/uploads\/2025\/09\/vecteezy_cozy-modern-living-room-featuring-a-stylish-curved-sofa-and_54419964-300x168.jpeg 300w, https:\/\/arsofa.ro\/wp-content\/uploads\/2025\/09\/vecteezy_cozy-modern-living-room-featuring-a-stylish-curved-sofa-and_54419964-1024x574.jpeg 1024w, https:\/\/arsofa.ro\/wp-content\/uploads\/2025\/09\/vecteezy_cozy-modern-living-room-featuring-a-stylish-curved-sofa-and_54419964-768x430.jpeg 768w, https:\/\/arsofa.ro\/wp-content\/uploads\/2025\/09\/vecteezy_cozy-modern-living-room-featuring-a-stylish-curved-sofa-and_54419964-1536x861.jpeg 1536w, https:\/\/arsofa.ro\/wp-content\/uploads\/2025\/09\/vecteezy_cozy-modern-living-room-featuring-a-stylish-curved-sofa-and_54419964-2048x1148.jpeg 2048w, https:\/\/arsofa.ro\/wp-content\/uploads\/2025\/09\/vecteezy_cozy-modern-living-room-featuring-a-stylish-curved-sofa-and_54419964-1320x740.jpeg 1320w, https:\/\/arsofa.ro\/wp-content\/uploads\/2025\/09\/vecteezy_cozy-modern-living-room-featuring-a-stylish-curved-sofa-and_54419964-600x336.jpeg 600w, https:\/\/arsofa.ro\/wp-content\/uploads\/2025\/09\/vecteezy_cozy-modern-living-room-featuring-a-stylish-curved-sofa-and_54419964-1300x729.jpeg 1300w\" sizes=\"(max-width: 300px) 100vw, 300px\" \/>\u00a0 \u00a0 \u00a0 <img decoding=\"async\" class=\"alignnone size-medium wp-image-10568\" src=\"https:\/\/arsofa.ro\/wp-content\/uploads\/2025\/09\/vecteezy_comfortable-leather-sofa-isolated-on-a-white-background-3d_22255576-1-300x205.jpg\" alt=\"\" width=\"300\" height=\"205\" srcset=\"https:\/\/arsofa.ro\/wp-content\/uploads\/2025\/09\/vecteezy_comfortable-leather-sofa-isolated-on-a-white-background-3d_22255576-1-300x205.jpg 300w, https:\/\/arsofa.ro\/wp-content\/uploads\/2025\/09\/vecteezy_comfortable-leather-sofa-isolated-on-a-white-background-3d_22255576-1-1024x701.jpg 1024w, https:\/\/arsofa.ro\/wp-content\/uploads\/2025\/09\/vecteezy_comfortable-leather-sofa-isolated-on-a-white-background-3d_22255576-1-768x525.jpg 768w, https:\/\/arsofa.ro\/wp-content\/uploads\/2025\/09\/vecteezy_comfortable-leather-sofa-isolated-on-a-white-background-3d_22255576-1-1536x1051.jpg 1536w, https:\/\/arsofa.ro\/wp-content\/uploads\/2025\/09\/vecteezy_comfortable-leather-sofa-isolated-on-a-white-background-3d_22255576-1-2048x1401.jpg 2048w, https:\/\/arsofa.ro\/wp-content\/uploads\/2025\/09\/vecteezy_comfortable-leather-sofa-isolated-on-a-white-background-3d_22255576-1-1320x903.jpg 1320w, https:\/\/arsofa.ro\/wp-content\/uploads\/2025\/09\/vecteezy_comfortable-leather-sofa-isolated-on-a-white-background-3d_22255576-1-600x411.jpg 600w, https:\/\/arsofa.ro\/wp-content\/uploads\/2025\/09\/vecteezy_comfortable-leather-sofa-isolated-on-a-white-background-3d_22255576-1-1300x889.jpg 1300w\" sizes=\"(max-width: 300px) 100vw, 300px\" \/> \u00a0 \u00a0<\/p>\n<h3>O abordare diferit\u0103<\/h3>\n<p>Credem \u00een crearea de mobil\u0103 lucrat\u0103 manual din cele mai fine materiale, la pre\u021buri corecte, personalizat\u0103 de clien\u021bii no\u0219tri pentru a le satisface exact nevoile. Rezultatul este o experien\u021b\u0103 unic\u0103 de cump\u0103rare a mobilei pe care nu o ve\u021bi g\u0103si la un magazin mare.<\/p>\n<h3>Stilul nostru<\/h3>\n<p>Avem o mare pasiune \u0219i respect pentru construirea de mobil\u0103 de \u00eenalt\u0103 calitate. Tr\u0103im, m\u00e2nc\u0103m \u0219i respir\u0103m mobil\u0103 inspirat\u0103 din stilul clasic \u0219i suntem \u00eenc\u00e2nta\u021bi s\u0103 facem ceea ce facem.<\/p>\n<h3>Lucrat manual<\/h3>\n<p>Piesele noastre tapi\u021bate personalizabile sunt realizate la comand\u0103 de c\u0103tre me\u0219teri talenta\u021bi, folosind doar materiale de \u00eenalt\u0103 calitate.<\/p>\n<p>\u00a0<\/p>\n<p><img loading=\"lazy\" decoding=\"async\" class=\"alignnone size-medium wp-image-10607\" src=\"https:\/\/arsofa.ro\/wp-content\/uploads\/2025\/09\/male-carpenter-measuring-wooden-table-with-ruler-200x300.jpg\" alt=\"\" width=\"200\" height=\"300\" srcset=\"https:\/\/arsofa.ro\/wp-content\/uploads\/2025\/09\/male-carpenter-measuring-wooden-table-with-ruler-200x300.jpg 200w, https:\/\/arsofa.ro\/wp-content\/uploads\/2025\/09\/male-carpenter-measuring-wooden-table-with-ruler-683x1024.jpg 683w, https:\/\/arsofa.ro\/wp-content\/uploads\/2025\/09\/male-carpenter-measuring-wooden-table-with-ruler-768x1151.jpg 768w, https:\/\/arsofa.ro\/wp-content\/uploads\/2025\/09\/male-carpenter-measuring-wooden-table-with-ruler-1025x1536.jpg 1025w, https:\/\/arsofa.ro\/wp-content\/uploads\/2025\/09\/male-carpenter-measuring-wooden-table-with-ruler-1367x2048.jpg 1367w, https:\/\/arsofa.ro\/wp-content\/uploads\/2025\/09\/male-carpenter-measuring-wooden-table-with-ruler-1320x1978.jpg 1320w, https:\/\/arsofa.ro\/wp-content\/uploads\/2025\/09\/male-carpenter-measuring-wooden-table-with-ruler-600x899.jpg 600w, https:\/\/arsofa.ro\/wp-content\/uploads\/2025\/09\/male-carpenter-measuring-wooden-table-with-ruler-1300x1948.jpg 1300w, https:\/\/arsofa.ro\/wp-content\/uploads\/2025\/09\/male-carpenter-measuring-wooden-table-with-ruler-scaled.jpg 1709w\" sizes=\"(max-width: 200px) 100vw, 200px\" \/> <img loading=\"lazy\" decoding=\"async\" class=\"alignnone size-medium wp-image-10608\" src=\"https:\/\/arsofa.ro\/wp-content\/uploads\/2025\/09\/male-carpenter-wearing-safety-glasses-using-sander-furniture-workshop-300x200.jpg\" alt=\"\" width=\"300\" height=\"200\" srcset=\"https:\/\/arsofa.ro\/wp-content\/uploads\/2025\/09\/male-carpenter-wearing-safety-glasses-using-sander-furniture-workshop-300x200.jpg 300w, https:\/\/arsofa.ro\/wp-content\/uploads\/2025\/09\/male-carpenter-wearing-safety-glasses-using-sander-furniture-workshop-1024x684.jpg 1024w, https:\/\/arsofa.ro\/wp-content\/uploads\/2025\/09\/male-carpenter-wearing-safety-glasses-using-sander-furniture-workshop-768x513.jpg 768w, https:\/\/arsofa.ro\/wp-content\/uploads\/2025\/09\/male-carpenter-wearing-safety-glasses-using-sander-furniture-workshop-1536x1025.jpg 1536w, https:\/\/arsofa.ro\/wp-content\/uploads\/2025\/09\/male-carpenter-wearing-safety-glasses-using-sander-furniture-workshop-2048x1367.jpg 2048w, https:\/\/arsofa.ro\/wp-content\/uploads\/2025\/09\/male-carpenter-wearing-safety-glasses-using-sander-furniture-workshop-1320x881.jpg 1320w, https:\/\/arsofa.ro\/wp-content\/uploads\/2025\/09\/male-carpenter-wearing-safety-glasses-using-sander-furniture-workshop-600x400.jpg 600w, https:\/\/arsofa.ro\/wp-content\/uploads\/2025\/09\/male-carpenter-wearing-safety-glasses-using-sander-furniture-workshop-1300x868.jpg 1300w\" sizes=\"(max-width: 300px) 100vw, 300px\" \/><\/p>\n<p><img loading=\"lazy\" decoding=\"async\" class=\"alignnone size-medium wp-image-10610\" src=\"https:\/\/arsofa.ro\/wp-content\/uploads\/2025\/09\/carpenter-cutting-mdf-board-inside-workshop-300x200.jpg\" alt=\"\" width=\"300\" height=\"200\" srcset=\"https:\/\/arsofa.ro\/wp-content\/uploads\/2025\/09\/carpenter-cutting-mdf-board-inside-workshop-300x200.jpg 300w, https:\/\/arsofa.ro\/wp-content\/uploads\/2025\/09\/carpenter-cutting-mdf-board-inside-workshop-1024x683.jpg 1024w, https:\/\/arsofa.ro\/wp-content\/uploads\/2025\/09\/carpenter-cutting-mdf-board-inside-workshop-768x512.jpg 768w, https:\/\/arsofa.ro\/wp-content\/uploads\/2025\/09\/carpenter-cutting-mdf-board-inside-workshop-1536x1024.jpg 1536w, https:\/\/arsofa.ro\/wp-content\/uploads\/2025\/09\/carpenter-cutting-mdf-board-inside-workshop-2048x1365.jpg 2048w, https:\/\/arsofa.ro\/wp-content\/uploads\/2025\/09\/carpenter-cutting-mdf-board-inside-workshop-1320x880.jpg 1320w, https:\/\/arsofa.ro\/wp-content\/uploads\/2025\/09\/carpenter-cutting-mdf-board-inside-workshop-600x400.jpg 600w, https:\/\/arsofa.ro\/wp-content\/uploads\/2025\/09\/carpenter-cutting-mdf-board-inside-workshop-1300x867.jpg 1300w\" sizes=\"(max-width: 300px) 100vw, 300px\" \/><\/p>\n<h4>\u00a0<\/h4>\n<p>Cump\u0103rarea de mobil\u0103 online f\u0103r\u0103 s\u0103 o vezi poate fi \u00eenfrico\u0219\u0103toare. \u0218tim asta, dar ne dedic\u0103m s\u0103 facem procesul u\u0219or \u0219i eficient, astfel \u00eenc\u00e2t s\u0103 po\u021bi da clic pe \u201eAdaug\u0103 \u00een co\u0219\u201d cu \u00eencredere.<\/p>\n<figure><img loading=\"lazy\" decoding=\"async\" class=\"alignnone size-medium wp-image-10613\" src=\"https:\/\/arsofa.ro\/wp-content\/uploads\/2025\/09\/coffee-cup-with-laptop-200x300.jpg\" alt=\"\" width=\"200\" height=\"300\" srcset=\"https:\/\/arsofa.ro\/wp-content\/uploads\/2025\/09\/coffee-cup-with-laptop-200x300.jpg 200w, https:\/\/arsofa.ro\/wp-content\/uploads\/2025\/09\/coffee-cup-with-laptop-683x1024.jpg 683w, https:\/\/arsofa.ro\/wp-content\/uploads\/2025\/09\/coffee-cup-with-laptop-768x1151.jpg 768w, https:\/\/arsofa.ro\/wp-content\/uploads\/2025\/09\/coffee-cup-with-laptop-1025x1536.jpg 1025w, https:\/\/arsofa.ro\/wp-content\/uploads\/2025\/09\/coffee-cup-with-laptop-1367x2048.jpg 1367w, https:\/\/arsofa.ro\/wp-content\/uploads\/2025\/09\/coffee-cup-with-laptop-1320x1978.jpg 1320w, https:\/\/arsofa.ro\/wp-content\/uploads\/2025\/09\/coffee-cup-with-laptop-600x899.jpg 600w, https:\/\/arsofa.ro\/wp-content\/uploads\/2025\/09\/coffee-cup-with-laptop-1300x1948.jpg 1300w, https:\/\/arsofa.ro\/wp-content\/uploads\/2025\/09\/coffee-cup-with-laptop-scaled.jpg 1709w\" sizes=\"(max-width: 200px) 100vw, 200px\" \/><\/figure>\n<h4>\u00a0<\/h4>\n<p>V\u0103 mul\u021bumim pentru lectur\u0103 \u0219i nu ezita\u021bi s\u0103 ne trimite\u021bi un e-mail sau s\u0103 ne saluta\u021bi pe re\u021belele de socializare &#8211; ne place s\u0103 auzim de la voi!<\/p>\n<p><img loading=\"lazy\" decoding=\"async\" class=\"size-medium wp-image-10614\" src=\"https:\/\/arsofa.ro\/wp-content\/uploads\/2025\/09\/vecteezy_cheerful-customer-service-representative-working-at-desk_47268446-300x168.jpeg\" alt=\"\" width=\"300\" height=\"168\" srcset=\"https:\/\/arsofa.ro\/wp-content\/uploads\/2025\/09\/vecteezy_cheerful-customer-service-representative-working-at-desk_47268446-300x168.jpeg 300w, https:\/\/arsofa.ro\/wp-content\/uploads\/2025\/09\/vecteezy_cheerful-customer-service-representative-working-at-desk_47268446-1024x574.jpeg 1024w, https:\/\/arsofa.ro\/wp-content\/uploads\/2025\/09\/vecteezy_cheerful-customer-service-representative-working-at-desk_47268446-768x430.jpeg 768w, https:\/\/arsofa.ro\/wp-content\/uploads\/2025\/09\/vecteezy_cheerful-customer-service-representative-working-at-desk_47268446-1536x861.jpeg 1536w, https:\/\/arsofa.ro\/wp-content\/uploads\/2025\/09\/vecteezy_cheerful-customer-service-representative-working-at-desk_47268446-2048x1148.jpeg 2048w, https:\/\/arsofa.ro\/wp-content\/uploads\/2025\/09\/vecteezy_cheerful-customer-service-representative-working-at-desk_47268446-1320x740.jpeg 1320w, https:\/\/arsofa.ro\/wp-content\/uploads\/2025\/09\/vecteezy_cheerful-customer-service-representative-working-at-desk_47268446-600x336.jpeg 600w, https:\/\/arsofa.ro\/wp-content\/uploads\/2025\/09\/vecteezy_cheerful-customer-service-representative-working-at-desk_47268446-1300x729.jpeg 1300w\" sizes=\"(max-width: 300px) 100vw, 300px\" \/><\/p>\n\n\n<p><\/p>\n","protected":false},"excerpt":{"rendered":"<p>Afla mai multe despre noi Arsofa a fost \u00eenfiin\u021bat\u0103 cu convingerea c\u0103 oamenii ar trebui s\u0103 aib\u0103 voie s\u0103 fie \u00eendr\u0103zne\u021bi \u0219i creativi cu mobilierul lor pentru cas\u0103, \u00een loc s\u0103 se mul\u021bumeasc\u0103 cu mai pu\u021bin. Mobilierul nostru atent selectat este creat pentru a satisface nevoile \u0219i preferin\u021bele individuale ale clien\u021bilor no\u0219tri, oferind un articol [&hellip;]<\/p>\n","protected":false},"author":1,"featured_media":0,"parent":0,"menu_order":0,"comment_status":"closed","ping_status":"closed","template":"","meta":{"footnotes":""},"class_list":["post-7195","page","type-page","status-publish","hentry"],"yoast_head":"<!-- This site is optimized with the Yoast SEO plugin v25.3.1 - https:\/\/yoast.com\/wordpress\/plugins\/seo\/ -->\n<title>Despre Noi - Arsofa<\/title>\n<meta name=\"robots\" content=\"index, follow, max-snippet:-1, max-image-preview:large, max-video-preview:-1\" \/>\n<link rel=\"canonical\" href=\"https:\/\/arsofa.ro\/index.php\/about\/\" \/>\n<meta property=\"og:locale\" content=\"ro_RO\" \/>\n<meta property=\"og:type\" content=\"article\" \/>\n<meta property=\"og:title\" content=\"Despre Noi - Arsofa\" \/>\n<meta property=\"og:description\" content=\"Afla mai multe despre noi Arsofa a fost \u00eenfiin\u021bat\u0103 cu convingerea c\u0103 oamenii ar trebui s\u0103 aib\u0103 voie s\u0103 fie \u00eendr\u0103zne\u021bi \u0219i creativi cu mobilierul lor pentru cas\u0103, \u00een loc s\u0103 se mul\u021bumeasc\u0103 cu mai pu\u021bin. Mobilierul nostru atent selectat este creat pentru a satisface nevoile \u0219i preferin\u021bele individuale ale clien\u021bilor no\u0219tri, oferind un articol [&hellip;]\" \/>\n<meta property=\"og:url\" content=\"https:\/\/arsofa.ro\/index.php\/about\/\" \/>\n<meta property=\"og:site_name\" content=\"Arsofa\" \/>\n<meta property=\"article:modified_time\" content=\"2025-09-08T16:47:06+00:00\" \/>\n<meta property=\"og:image\" content=\"https:\/\/arsofa.ro\/wp-content\/uploads\/2025\/09\/vecteezy_modern-yellow-leather-sofa-with-pillows-isolated_27610022-scaled.jpg\" \/>\n\t<meta property=\"og:image:width\" content=\"2560\" \/>\n\t<meta property=\"og:image:height\" content=\"1320\" \/>\n\t<meta property=\"og:image:type\" content=\"image\/jpeg\" \/>\n<meta name=\"twitter:card\" content=\"summary_large_image\" \/>\n<meta name=\"twitter:label1\" content=\"Timp estimat pentru citire\" \/>\n\t<meta name=\"twitter:data1\" content=\"4 minute\" \/>\n<script type=\"application\/ld+json\" class=\"yoast-schema-graph\">{\"@context\":\"https:\/\/schema.org\",\"@graph\":[{\"@type\":\"WebPage\",\"@id\":\"https:\/\/arsofa.ro\/index.php\/about\/\",\"url\":\"https:\/\/arsofa.ro\/index.php\/about\/\",\"name\":\"Despre Noi - Arsofa\",\"isPartOf\":{\"@id\":\"https:\/\/arsofa.ro\/#website\"},\"primaryImageOfPage\":{\"@id\":\"https:\/\/arsofa.ro\/index.php\/about\/#primaryimage\"},\"image\":{\"@id\":\"https:\/\/arsofa.ro\/index.php\/about\/#primaryimage\"},\"thumbnailUrl\":\"https:\/\/arsofa.ro\/wp-content\/uploads\/2025\/09\/vecteezy_modern-yellow-leather-sofa-with-pillows-isolated_27610022-300x155.jpg\",\"datePublished\":\"2023-12-21T01:45:36+00:00\",\"dateModified\":\"2025-09-08T16:47:06+00:00\",\"breadcrumb\":{\"@id\":\"https:\/\/arsofa.ro\/index.php\/about\/#breadcrumb\"},\"inLanguage\":\"ro-RO\",\"potentialAction\":[{\"@type\":\"ReadAction\",\"target\":[\"https:\/\/arsofa.ro\/index.php\/about\/\"]}]},{\"@type\":\"ImageObject\",\"inLanguage\":\"ro-RO\",\"@id\":\"https:\/\/arsofa.ro\/index.php\/about\/#primaryimage\",\"url\":\"https:\/\/arsofa.ro\/wp-content\/uploads\/2025\/09\/vecteezy_modern-yellow-leather-sofa-with-pillows-isolated_27610022-scaled.jpg\",\"contentUrl\":\"https:\/\/arsofa.ro\/wp-content\/uploads\/2025\/09\/vecteezy_modern-yellow-leather-sofa-with-pillows-isolated_27610022-scaled.jpg\",\"width\":2560,\"height\":1320,\"caption\":\"Modern yellow leather sofa with pillows isolated.\"},{\"@type\":\"BreadcrumbList\",\"@id\":\"https:\/\/arsofa.ro\/index.php\/about\/#breadcrumb\",\"itemListElement\":[{\"@type\":\"ListItem\",\"position\":1,\"name\":\"Home\",\"item\":\"https:\/\/arsofa.ro\/\"},{\"@type\":\"ListItem\",\"position\":2,\"name\":\"Despre Noi\"}]},{\"@type\":\"WebSite\",\"@id\":\"https:\/\/arsofa.ro\/#website\",\"url\":\"https:\/\/arsofa.ro\/\",\"name\":\"Arsofa\",\"description\":\"Crea\u021bi-v\u0103 confortul: Mobilier atemporal, stil infinit\",\"publisher\":{\"@id\":\"https:\/\/arsofa.ro\/#organization\"},\"potentialAction\":[{\"@type\":\"SearchAction\",\"target\":{\"@type\":\"EntryPoint\",\"urlTemplate\":\"https:\/\/arsofa.ro\/?s={search_term_string}\"},\"query-input\":{\"@type\":\"PropertyValueSpecification\",\"valueRequired\":true,\"valueName\":\"search_term_string\"}}],\"inLanguage\":\"ro-RO\"},{\"@type\":\"Organization\",\"@id\":\"https:\/\/arsofa.ro\/#organization\",\"name\":\"Arsofa\",\"url\":\"https:\/\/arsofa.ro\/\",\"logo\":{\"@type\":\"ImageObject\",\"inLanguage\":\"ro-RO\",\"@id\":\"https:\/\/arsofa.ro\/#\/schema\/logo\/image\/\",\"url\":\"https:\/\/arsofa.ro\/wp-content\/uploads\/2025\/09\/cropped-arsofa_1.png\",\"contentUrl\":\"https:\/\/arsofa.ro\/wp-content\/uploads\/2025\/09\/cropped-arsofa_1.png\",\"width\":512,\"height\":512,\"caption\":\"Arsofa\"},\"image\":{\"@id\":\"https:\/\/arsofa.ro\/#\/schema\/logo\/image\/\"}}]}<\/script>\n<!-- \/ Yoast SEO plugin. -->","yoast_head_json":{"title":"Despre Noi - Arsofa","robots":{"index":"index","follow":"follow","max-snippet":"max-snippet:-1","max-image-preview":"max-image-preview:large","max-video-preview":"max-video-preview:-1"},"canonical":"https:\/\/arsofa.ro\/index.php\/about\/","og_locale":"ro_RO","og_type":"article","og_title":"Despre Noi - Arsofa","og_description":"Afla mai multe despre noi Arsofa a fost \u00eenfiin\u021bat\u0103 cu convingerea c\u0103 oamenii ar trebui s\u0103 aib\u0103 voie s\u0103 fie \u00eendr\u0103zne\u021bi \u0219i creativi cu mobilierul lor pentru cas\u0103, \u00een loc s\u0103 se mul\u021bumeasc\u0103 cu mai pu\u021bin. Mobilierul nostru atent selectat este creat pentru a satisface nevoile \u0219i preferin\u021bele individuale ale clien\u021bilor no\u0219tri, oferind un articol [&hellip;]","og_url":"https:\/\/arsofa.ro\/index.php\/about\/","og_site_name":"Arsofa","article_modified_time":"2025-09-08T16:47:06+00:00","og_image":[{"width":2560,"height":1320,"url":"https:\/\/arsofa.ro\/wp-content\/uploads\/2025\/09\/vecteezy_modern-yellow-leather-sofa-with-pillows-isolated_27610022-scaled.jpg","type":"image\/jpeg"}],"twitter_card":"summary_large_image","twitter_misc":{"Timp estimat pentru citire":"4 minute"},"schema":{"@context":"https:\/\/schema.org","@graph":[{"@type":"WebPage","@id":"https:\/\/arsofa.ro\/index.php\/about\/","url":"https:\/\/arsofa.ro\/index.php\/about\/","name":"Despre Noi - Arsofa","isPartOf":{"@id":"https:\/\/arsofa.ro\/#website"},"primaryImageOfPage":{"@id":"https:\/\/arsofa.ro\/index.php\/about\/#primaryimage"},"image":{"@id":"https:\/\/arsofa.ro\/index.php\/about\/#primaryimage"},"thumbnailUrl":"https:\/\/arsofa.ro\/wp-content\/uploads\/2025\/09\/vecteezy_modern-yellow-leather-sofa-with-pillows-isolated_27610022-300x155.jpg","datePublished":"2023-12-21T01:45:36+00:00","dateModified":"2025-09-08T16:47:06+00:00","breadcrumb":{"@id":"https:\/\/arsofa.ro\/index.php\/about\/#breadcrumb"},"inLanguage":"ro-RO","potentialAction":[{"@type":"ReadAction","target":["https:\/\/arsofa.ro\/index.php\/about\/"]}]},{"@type":"ImageObject","inLanguage":"ro-RO","@id":"https:\/\/arsofa.ro\/index.php\/about\/#primaryimage","url":"https:\/\/arsofa.ro\/wp-content\/uploads\/2025\/09\/vecteezy_modern-yellow-leather-sofa-with-pillows-isolated_27610022-scaled.jpg","contentUrl":"https:\/\/arsofa.ro\/wp-content\/uploads\/2025\/09\/vecteezy_modern-yellow-leather-sofa-with-pillows-isolated_27610022-scaled.jpg","width":2560,"height":1320,"caption":"Modern yellow leather sofa with pillows isolated."},{"@type":"BreadcrumbList","@id":"https:\/\/arsofa.ro\/index.php\/about\/#breadcrumb","itemListElement":[{"@type":"ListItem","position":1,"name":"Home","item":"https:\/\/arsofa.ro\/"},{"@type":"ListItem","position":2,"name":"Despre Noi"}]},{"@type":"WebSite","@id":"https:\/\/arsofa.ro\/#website","url":"https:\/\/arsofa.ro\/","name":"Arsofa","description":"Crea\u021bi-v\u0103 confortul: Mobilier atemporal, stil infinit","publisher":{"@id":"https:\/\/arsofa.ro\/#organization"},"potentialAction":[{"@type":"SearchAction","target":{"@type":"EntryPoint","urlTemplate":"https:\/\/arsofa.ro\/?s={search_term_string}"},"query-input":{"@type":"PropertyValueSpecification","valueRequired":true,"valueName":"search_term_string"}}],"inLanguage":"ro-RO"},{"@type":"Organization","@id":"https:\/\/arsofa.ro\/#organization","name":"Arsofa","url":"https:\/\/arsofa.ro\/","logo":{"@type":"ImageObject","inLanguage":"ro-RO","@id":"https:\/\/arsofa.ro\/#\/schema\/logo\/image\/","url":"https:\/\/arsofa.ro\/wp-content\/uploads\/2025\/09\/cropped-arsofa_1.png","contentUrl":"https:\/\/arsofa.ro\/wp-content\/uploads\/2025\/09\/cropped-arsofa_1.png","width":512,"height":512,"caption":"Arsofa"},"image":{"@id":"https:\/\/arsofa.ro\/#\/schema\/logo\/image\/"}}]}},"jetpack_sharing_enabled":true,"_links":{"self":[{"href":"https:\/\/arsofa.ro\/index.php\/wp-json\/wp\/v2\/pages\/7195","targetHints":{"allow":["GET"]}}],"collection":[{"href":"https:\/\/arsofa.ro\/index.php\/wp-json\/wp\/v2\/pages"}],"about":[{"href":"https:\/\/arsofa.ro\/index.php\/wp-json\/wp\/v2\/types\/page"}],"author":[{"embeddable":true,"href":"https:\/\/arsofa.ro\/index.php\/wp-json\/wp\/v2\/users\/1"}],"replies":[{"embeddable":true,"href":"https:\/\/arsofa.ro\/index.php\/wp-json\/wp\/v2\/comments?post=7195"}],"version-history":[{"count":5,"href":"https:\/\/arsofa.ro\/index.php\/wp-json\/wp\/v2\/pages\/7195\/revisions"}],"predecessor-version":[{"id":10615,"href":"https:\/\/arsofa.ro\/index.php\/wp-json\/wp\/v2\/pages\/7195\/revisions\/10615"}],"wp:attachment":[{"href":"https:\/\/arsofa.ro\/index.php\/wp-json\/wp\/v2\/media?parent=7195"}],"curies":[{"name":"wp","href":"https:\/\/api.w.org\/{rel}","templated":true}]}}